{"id":316,"date":"2020-03-27T12:59:14","date_gmt":"2020-03-27T12:59:14","guid":{"rendered":"https:\/\/emebko.com\/?page_id=316"},"modified":"2024-05-12T22:17:40","modified_gmt":"2024-05-12T22:17:40","slug":"homepage","status":"publish","type":"page","link":"https:\/\/emebko.com\/fr\/","title":{"rendered":"Solutions puissantes, s\u00e9curitaires et \u00e9cologiques"},"content":{"rendered":"<div id=\"wp-block-themeisle-blocks-advanced-columns-dae88750\" class=\"wp-block-themeisle-blocks-advanced-columns has-1-columns has-desktop-equal-layout has-tablet-equal-layout has-mobile-equal-layout has-vertical-unset\"><div class=\"wp-block-themeisle-blocks-advanced-columns-overlay\"><\/div><div class=\"innerblocks-wrap\">\n<div id=\"wp-block-themeisle-blocks-advanced-column-4b6e86f2\" class=\"wp-block-themeisle-blocks-advanced-column\">\n<h2 id=\"wp-block-themeisle-blocks-advanced-heading-d2dd70cf\" class=\"wp-block-themeisle-blocks-advanced-heading wp-block-themeisle-blocks-advanced-heading-d2dd70cf\">Prot\u00e9gez la plan\u00e8te et favorisez le bien-\u00eatre avec nos produits s\u00fbrs, efficaces et respectueux de l'environnement.<\/h2>\n<\/div>\n<\/div><\/div>\n\n\n\n<div id=\"wp-block-themeisle-blocks-advanced-columns-278d3bea\" class=\"wp-block-themeisle-blocks-advanced-columns alignfull has-2-columns has-desktop-equal-layout has-tablet-equal-layout has-mobile-collapsedRows-layout has-vertical-unset has-light-bg\"><div class=\"wp-block-themeisle-blocks-advanced-columns-overlay\"><\/div><div class=\"innerblocks-wrap\">\n<div id=\"wp-block-themeisle-blocks-advanced-column-c41510ec\" class=\"wp-block-themeisle-blocks-advanced-column has-light-bg\">\n<figure class=\"wp-block-image size-large\"><img decoding=\"async\" src=\"data:image\/gif;base64,R0lGODlhAQABAIAAAAAAAP\/\/\/yH5BAEAAAAALAAAAAABAAEAAAIBRAA7\" data-src=\"https:\/\/emebko.com\/wp-content\/uploads\/2024\/05\/Screen-Shot-2024-05-12-at-4.11.46-PM-793x1024.png\" alt=\"\" class=\"wp-image-618 lazyload\"\/><noscript><img decoding=\"async\" width=\"793\" height=\"1024\" src=\"https:\/\/emebko.com\/wp-content\/uploads\/2024\/05\/Screen-Shot-2024-05-12-at-4.11.46-PM-793x1024.png\" alt=\"\" class=\"wp-image-618 lazyload\" srcset=\"https:\/\/emebko.com\/wp-content\/uploads\/2024\/05\/Screen-Shot-2024-05-12-at-4.11.46-PM-793x1024.png 793w, https:\/\/emebko.com\/wp-content\/uploads\/2024\/05\/Screen-Shot-2024-05-12-at-4.11.46-PM-232x300.png 232w, https:\/\/emebko.com\/wp-content\/uploads\/2024\/05\/Screen-Shot-2024-05-12-at-4.11.46-PM-768x992.png 768w, https:\/\/emebko.com\/wp-content\/uploads\/2024\/05\/Screen-Shot-2024-05-12-at-4.11.46-PM-9x12.png 9w, https:\/\/emebko.com\/wp-content\/uploads\/2024\/05\/Screen-Shot-2024-05-12-at-4.11.46-PM.png 932w\" sizes=\"(max-width: 793px) 100vw, 793px\" \/><\/noscript><\/figure>\n\n\n\n<div class=\"wp-block-file\"><a id=\"wp-block-file--media-a8893711-2049-41a8-be4e-18ce7c4070ad\" href=\"https:\/\/emebko.com\/wp-content\/uploads\/2024\/05\/NOKOUT-BioKlenz-AnnouncementENmay0624.pdf\">NOKOUT -BioKlenz-AnnouncementENmay0624<\/a><a href=\"https:\/\/emebko.com\/wp-content\/uploads\/2024\/05\/NOKOUT-BioKlenz-AnnouncementENmay0624.pdf\" class=\"wp-block-file__button wp-element-button\" download aria-describedby=\"wp-block-file--media-a8893711-2049-41a8-be4e-18ce7c4070ad\">Download<\/a><\/div>\n\n\n\n<div style=\"height:20px\" aria-hidden=\"true\" class=\"wp-block-spacer\"><\/div>\n\n\n\n<div id=\"wp-block-themeisle-blocks-button-group-88a2c066\" class=\"wp-block-themeisle-blocks-button-group wp-block-buttons align-center\">\n<div id=\"wp-block-themeisle-blocks-button-a87e9144\" class=\"wp-block-themeisle-blocks-button wp-block-button\"><a href=\"https:\/\/nokout.ca\" target=\"_self\" rel=\"noopener noreferrer\" class=\"wp-block-button__link\"><span>Visit NokOut Site<\/span><\/a><\/div>\n<\/div>\n<\/div>\n\n\n\n<div id=\"wp-block-themeisle-blocks-advanced-column-9b9928b7\" class=\"wp-block-themeisle-blocks-advanced-column has-light-bg\">\n<figure class=\"wp-block-image size-large\"><img decoding=\"async\" src=\"data:image\/gif;base64,R0lGODlhAQABAIAAAAAAAP\/\/\/yH5BAEAAAAALAAAAAABAAEAAAIBRAA7\" data-src=\"https:\/\/emebko.com\/wp-content\/uploads\/2024\/05\/Screen-Shot-2024-05-12-at-4.12.46-PM-795x1024.png\" alt=\"\" class=\"wp-image-619 lazyload\"\/><noscript><img decoding=\"async\" width=\"795\" height=\"1024\" src=\"https:\/\/emebko.com\/wp-content\/uploads\/2024\/05\/Screen-Shot-2024-05-12-at-4.12.46-PM-795x1024.png\" alt=\"\" class=\"wp-image-619 lazyload\" srcset=\"https:\/\/emebko.com\/wp-content\/uploads\/2024\/05\/Screen-Shot-2024-05-12-at-4.12.46-PM-795x1024.png 795w, https:\/\/emebko.com\/wp-content\/uploads\/2024\/05\/Screen-Shot-2024-05-12-at-4.12.46-PM-233x300.png 233w, https:\/\/emebko.com\/wp-content\/uploads\/2024\/05\/Screen-Shot-2024-05-12-at-4.12.46-PM-768x990.png 768w, https:\/\/emebko.com\/wp-content\/uploads\/2024\/05\/Screen-Shot-2024-05-12-at-4.12.46-PM-9x12.png 9w, https:\/\/emebko.com\/wp-content\/uploads\/2024\/05\/Screen-Shot-2024-05-12-at-4.12.46-PM.png 936w\" sizes=\"(max-width: 795px) 100vw, 795px\" \/><\/noscript><\/figure>\n\n\n\n<div class=\"wp-block-file\"><a id=\"wp-block-file--media-a61b540b-74bb-4e8b-a120-cbf17b8880f5\" href=\"https:\/\/emebko.com\/wp-content\/uploads\/2024\/05\/NOKOUT-BioKlenz-AnnouncementFRmay0624.pdf\">NOKOUT-BioKlenz-AnnouncementFRmay0624<\/a><a href=\"https:\/\/emebko.com\/wp-content\/uploads\/2024\/05\/NOKOUT-BioKlenz-AnnouncementFRmay0624.pdf\" class=\"wp-block-file__button wp-element-button\" download aria-describedby=\"wp-block-file--media-a61b540b-74bb-4e8b-a120-cbf17b8880f5\">T\u00e9l\u00e9charger<\/a><\/div>\n\n\n\n<div style=\"height:20px\" aria-hidden=\"true\" class=\"wp-block-spacer\"><\/div>\n\n\n\n<div id=\"wp-block-themeisle-blocks-button-group-12bfba6c\" class=\"wp-block-themeisle-blocks-button-group wp-block-buttons align-center\">\n<div id=\"wp-block-themeisle-blocks-button-c67cc213\" class=\"wp-block-themeisle-blocks-button wp-block-button\"><a href=\"https:\/\/fr.nokout.ca\" target=\"_self\" rel=\"noopener noreferrer\" class=\"wp-block-button__link\"><span>Visite le site NokOut<\/span><\/a><\/div>\n<\/div>\n\n\n\n<div style=\"height:20px\" aria-hidden=\"true\" class=\"wp-block-spacer\"><\/div>\n<\/div>\n<\/div><\/div>","protected":false},"excerpt":{"rendered":"","protected":false},"author":1,"featured_media":362,"parent":0,"menu_order":0,"comment_status":"closed","ping_status":"closed","template":"page-templates\/template-pagebuilder-full-width.php","meta":{"neve_meta_sidebar":"full-width","neve_meta_container":"contained","neve_meta_enable_content_width":"on","neve_meta_content_width":84,"neve_meta_title_alignment":"center","neve_meta_author_avatar":"","neve_post_elements_order":"","neve_meta_disable_header":"off","neve_meta_disable_footer":"","neve_meta_disable_title":"off","_themeisle_gutenberg_block_has_review":false,"footnotes":""},"class_list":["post-316","page","type-page","status-publish","has-post-thumbnail","hentry"],"aioseo_notices":[],"_links":{"self":[{"href":"https:\/\/emebko.com\/fr\/wp-json\/wp\/v2\/pages\/316","targetHints":{"allow":["GET"]}}],"collection":[{"href":"https:\/\/emebko.com\/fr\/wp-json\/wp\/v2\/pages"}],"about":[{"href":"https:\/\/emebko.com\/fr\/wp-json\/wp\/v2\/types\/page"}],"author":[{"embeddable":true,"href":"https:\/\/emebko.com\/fr\/wp-json\/wp\/v2\/users\/1"}],"replies":[{"embeddable":true,"href":"https:\/\/emebko.com\/fr\/wp-json\/wp\/v2\/comments?post=316"}],"version-history":[{"count":54,"href":"https:\/\/emebko.com\/fr\/wp-json\/wp\/v2\/pages\/316\/revisions"}],"predecessor-version":[{"id":620,"href":"https:\/\/emebko.com\/fr\/wp-json\/wp\/v2\/pages\/316\/revisions\/620"}],"wp:featuredmedia":[{"embeddable":true,"href":"https:\/\/emebko.com\/fr\/wp-json\/wp\/v2\/media\/362"}],"wp:attachment":[{"href":"https:\/\/emebko.com\/fr\/wp-json\/wp\/v2\/media?parent=316"}],"curies":[{"name":"wp","href":"https:\/\/api.w.org\/{rel}","templated":true}]}}